{"id":109,"date":"2021-07-09T18:57:42","date_gmt":"2021-07-09T18:57:42","guid":{"rendered":"http:\/\/aydo-geseke.de\/?page_id=109"},"modified":"2021-07-09T18:57:43","modified_gmt":"2021-07-09T18:57:43","slug":"besondere-leistungen-fuer-angehoerige","status":"publish","type":"page","link":"http:\/\/aydo-geseke.de\/tr\/besondere-leistungen-fuer-angehoerige\/","title":{"rendered":"besondere Leistungen f\u00fcr Angeh\u00f6rige"},"content":{"rendered":"\n<p>Mein weiteres Angebot f\u00fcr Angeh\u00f6rige,<\/p>\n\n\n\n<p>wir k\u00f6nnen aus unterschiedlichen Gr\u00fcnden unseren Pflichten nicht entfliehen und f\u00fchlen uns verpflichtet zu funktionieren, indem wir die Verantwortung dauerhaft auf unseren Schultern behalten.<\/p>\n\n\n\n<p>Vielleicht wohnen Sie weiter weg, welches Ihnen einen regelm\u00e4\u00dfigen pers\u00f6nlichen Besuch erschwert oder aber auch ein Handeln in akuten F\u00e4llen aufgrund der Entfernung unm\u00f6glich macht. In solchen F\u00e4llen f\u00fchlen wir uns machtlos\u2026.&nbsp;<\/p>\n\n\n\n<p>Ich kann Sie nicht ersetzen, aber ich biete Ihnen meine Unterst\u00fctzung an, indem ich die Personen, die Ihnen wichtig sind auf Ihren Wunsch besuche und nach Bed\u00fcrfnissen frage und mich als kompetente Person pers\u00f6nlich um die Zufriedenheit und Ihr Wohlergehen ihrer Liebsten Vorort k\u00fcmmere.<\/p>\n\n\n\n<p>In akut F\u00e4llen handele ich in Ihrem Interesse z.B Begleitung bei einer station\u00e4ren Aufnahme sowie bei Entlassung bis hin zu Bedarfsabdeckung w\u00e4hrend eines station\u00e4ren Aufenthaltes.<\/p>\n\n\n\n<p>Zuverl\u00e4ssigkeit und Vertrauen schenken geh\u00f6ren zu meinen St\u00e4rken, gern biete ich Ihnen meine Unterst\u00fctzung auch in diesen Bereichen an. &nbsp;&nbsp;&nbsp;&nbsp;&nbsp;&nbsp;&nbsp;&nbsp;&nbsp;&nbsp;&nbsp;&nbsp;&nbsp;&nbsp;&nbsp;&nbsp;&nbsp;&nbsp;&nbsp;&nbsp;&nbsp;&nbsp;<\/p>\n\n\n\n<p>N\u00e4herer Infos gern in einem pers\u00f6nlichen Gespr\u00e4ch.<\/p>\n\n\n\n<p>Bei Interesse bitte Kontaktaufnahme, bis dahin bleiben Sie gesund<\/p>\n\n\n\n<p>Ayse Dogan<\/p>\n","protected":false},"excerpt":{"rendered":"<p>Mein weiteres Angebot f\u00fcr Angeh\u00f6rige, wir k\u00f6nnen aus unterschiedlichen Gr\u00fcnden unseren Pflichten nicht entfliehen und f\u00fchlen uns verpflichtet zu funktionieren, indem wir die Verantwortung dauerhaft auf unseren Schultern behalten. Vielleicht wohnen Sie weiter weg, welches Ihnen einen regelm\u00e4\u00dfigen pers\u00f6nlichen Besuch erschwert oder aber auch ein Handeln in akuten F\u00e4llen aufgrund der Entfernung unm\u00f6glich macht. In [&hellip;]<\/p>\n","protected":false},"author":1,"featured_media":0,"parent":0,"menu_order":0,"comment_status":"closed","ping_status":"closed","template":"","meta":{"footnotes":""},"class_list":["post-109","page","type-page","status-publish","hentry"],"translation":{"provider":"WPGlobus","version":"3.0.2","language":"tr","enabled_languages":["de","tr"],"languages":{"de":{"title":true,"content":true,"excerpt":false},"tr":{"title":false,"content":false,"excerpt":false}}},"yoast_head":"<!-- This site is optimized with the Yoast SEO plugin v26.8 - https:\/\/yoast.com\/product\/yoast-seo-wordpress\/ -->\n<title>besondere Leistungen f\u00fcr Angeh\u00f6rige - AyDo Geseke<\/title>\n<meta name=\"robots\" content=\"index, follow, max-snippet:-1, max-image-preview:large, max-video-preview:-1\" \/>\n<link rel=\"canonical\" href=\"http:\/\/aydo-geseke.de\/tr\/besondere-leistungen-fuer-angehoerige\/\" \/>\n<meta property=\"og:locale\" content=\"tr_TR\" \/>\n<meta property=\"og:type\" content=\"article\" \/>\n<meta property=\"og:title\" content=\"besondere Leistungen f\u00fcr Angeh\u00f6rige - AyDo Geseke\" \/>\n<meta property=\"og:url\" content=\"http:\/\/aydo-geseke.de\/tr\/besondere-leistungen-fuer-angehoerige\/\" \/>\n<meta property=\"og:site_name\" content=\"AyDo Geseke\" \/>\n<meta property=\"article:modified_time\" content=\"2021-07-09T18:57:43+00:00\" \/>\n<meta name=\"twitter:card\" content=\"summary_large_image\" \/>\n<meta name=\"twitter:label1\" content=\"Tahmini okuma s\u00fcresi\" \/>\n\t<meta name=\"twitter:data1\" content=\"1 dakika\" \/>\n<script type=\"application\/ld+json\" class=\"yoast-schema-graph\">{\"@context\":\"https:\/\/schema.org\",\"@graph\":[{\"@type\":\"WebPage\",\"@id\":\"http:\/\/aydo-geseke.de\/tr\/besondere-leistungen-fuer-angehoerige\/\",\"url\":\"http:\/\/aydo-geseke.de\/tr\/besondere-leistungen-fuer-angehoerige\/\",\"name\":\"besondere Leistungen f\u00fcr Angeh\u00f6rige - AyDo Geseke\",\"isPartOf\":{\"@id\":\"http:\/\/aydo-geseke.de\/tr\/#website\"},\"datePublished\":\"2021-07-09T18:57:42+00:00\",\"dateModified\":\"2021-07-09T18:57:43+00:00\",\"breadcrumb\":{\"@id\":\"http:\/\/aydo-geseke.de\/tr\/besondere-leistungen-fuer-angehoerige\/#breadcrumb\"},\"inLanguage\":\"tr\",\"potentialAction\":[{\"@type\":\"ReadAction\",\"target\":[\"http:\/\/aydo-geseke.de\/tr\/besondere-leistungen-fuer-angehoerige\/\"]}]},{\"@type\":\"BreadcrumbList\",\"@id\":\"http:\/\/aydo-geseke.de\/tr\/besondere-leistungen-fuer-angehoerige\/#breadcrumb\",\"itemListElement\":[{\"@type\":\"ListItem\",\"position\":1,\"name\":\"Startseite\",\"item\":\"https:\/\/aydo-geseke.de\/\"},{\"@type\":\"ListItem\",\"position\":2,\"name\":\"besondere Leistungen f\u00fcr Angeh\u00f6rige\"}]},{\"@type\":\"WebSite\",\"@id\":\"http:\/\/aydo-geseke.de\/tr\/#website\",\"url\":\"http:\/\/aydo-geseke.de\/tr\/\",\"name\":\"AyDo Geseke\",\"description\":\"\",\"publisher\":{\"@id\":\"http:\/\/aydo-geseke.de\/tr\/#organization\"},\"potentialAction\":[{\"@type\":\"SearchAction\",\"target\":{\"@type\":\"EntryPoint\",\"urlTemplate\":\"http:\/\/aydo-geseke.de\/tr\/?s={search_term_string}\"},\"query-input\":{\"@type\":\"PropertyValueSpecification\",\"valueRequired\":true,\"valueName\":\"search_term_string\"}}],\"inLanguage\":\"tr\"},{\"@type\":\"Organization\",\"@id\":\"http:\/\/aydo-geseke.de\/tr\/#organization\",\"name\":\"Ay Do\",\"url\":\"http:\/\/aydo-geseke.de\/tr\/\",\"logo\":{\"@type\":\"ImageObject\",\"inLanguage\":\"tr\",\"@id\":\"http:\/\/aydo-geseke.de\/tr\/#\/schema\/logo\/image\/\",\"url\":\"http:\/\/aydo-geseke.de\/wp-content\/uploads\/2021\/04\/Haus-Herz_transparent.gif\",\"contentUrl\":\"http:\/\/aydo-geseke.de\/wp-content\/uploads\/2021\/04\/Haus-Herz_transparent.gif\",\"width\":842,\"height\":595,\"caption\":\"Ay Do\"},\"image\":{\"@id\":\"http:\/\/aydo-geseke.de\/tr\/#\/schema\/logo\/image\/\"}}]}<\/script>\n<!-- \/ Yoast SEO plugin. -->","yoast_head_json":{"title":"besondere Leistungen f\u00fcr Angeh\u00f6rige - AyDo Geseke","robots":{"index":"index","follow":"follow","max-snippet":"max-snippet:-1","max-image-preview":"max-image-preview:large","max-video-preview":"max-video-preview:-1"},"canonical":"http:\/\/aydo-geseke.de\/tr\/besondere-leistungen-fuer-angehoerige\/","og_locale":"tr_TR","og_type":"article","og_title":"besondere Leistungen f\u00fcr Angeh\u00f6rige - AyDo Geseke","og_url":"http:\/\/aydo-geseke.de\/tr\/besondere-leistungen-fuer-angehoerige\/","og_site_name":"AyDo Geseke","article_modified_time":"2021-07-09T18:57:43+00:00","twitter_card":"summary_large_image","twitter_misc":{"Tahmini okuma s\u00fcresi":"1 dakika"},"schema":{"@context":"https:\/\/schema.org","@graph":[{"@type":"WebPage","@id":"http:\/\/aydo-geseke.de\/tr\/besondere-leistungen-fuer-angehoerige\/","url":"http:\/\/aydo-geseke.de\/tr\/besondere-leistungen-fuer-angehoerige\/","name":"besondere Leistungen f\u00fcr Angeh\u00f6rige - AyDo Geseke","isPartOf":{"@id":"http:\/\/aydo-geseke.de\/tr\/#website"},"datePublished":"2021-07-09T18:57:42+00:00","dateModified":"2021-07-09T18:57:43+00:00","breadcrumb":{"@id":"http:\/\/aydo-geseke.de\/tr\/besondere-leistungen-fuer-angehoerige\/#breadcrumb"},"inLanguage":"tr","potentialAction":[{"@type":"ReadAction","target":["http:\/\/aydo-geseke.de\/tr\/besondere-leistungen-fuer-angehoerige\/"]}]},{"@type":"BreadcrumbList","@id":"http:\/\/aydo-geseke.de\/tr\/besondere-leistungen-fuer-angehoerige\/#breadcrumb","itemListElement":[{"@type":"ListItem","position":1,"name":"Startseite","item":"https:\/\/aydo-geseke.de\/"},{"@type":"ListItem","position":2,"name":"besondere Leistungen f\u00fcr Angeh\u00f6rige"}]},{"@type":"WebSite","@id":"http:\/\/aydo-geseke.de\/tr\/#website","url":"http:\/\/aydo-geseke.de\/tr\/","name":"AyDo Geseke","description":"","publisher":{"@id":"http:\/\/aydo-geseke.de\/tr\/#organization"},"potentialAction":[{"@type":"SearchAction","target":{"@type":"EntryPoint","urlTemplate":"http:\/\/aydo-geseke.de\/tr\/?s={search_term_string}"},"query-input":{"@type":"PropertyValueSpecification","valueRequired":true,"valueName":"search_term_string"}}],"inLanguage":"tr"},{"@type":"Organization","@id":"http:\/\/aydo-geseke.de\/tr\/#organization","name":"Ay Do","url":"http:\/\/aydo-geseke.de\/tr\/","logo":{"@type":"ImageObject","inLanguage":"tr","@id":"http:\/\/aydo-geseke.de\/tr\/#\/schema\/logo\/image\/","url":"http:\/\/aydo-geseke.de\/wp-content\/uploads\/2021\/04\/Haus-Herz_transparent.gif","contentUrl":"http:\/\/aydo-geseke.de\/wp-content\/uploads\/2021\/04\/Haus-Herz_transparent.gif","width":842,"height":595,"caption":"Ay Do"},"image":{"@id":"http:\/\/aydo-geseke.de\/tr\/#\/schema\/logo\/image\/"}}]}},"_links":{"self":[{"href":"http:\/\/aydo-geseke.de\/tr\/wp-json\/wp\/v2\/pages\/109","targetHints":{"allow":["GET"]}}],"collection":[{"href":"http:\/\/aydo-geseke.de\/tr\/wp-json\/wp\/v2\/pages"}],"about":[{"href":"http:\/\/aydo-geseke.de\/tr\/wp-json\/wp\/v2\/types\/page"}],"author":[{"embeddable":true,"href":"http:\/\/aydo-geseke.de\/tr\/wp-json\/wp\/v2\/users\/1"}],"replies":[{"embeddable":true,"href":"http:\/\/aydo-geseke.de\/tr\/wp-json\/wp\/v2\/comments?post=109"}],"version-history":[{"count":1,"href":"http:\/\/aydo-geseke.de\/tr\/wp-json\/wp\/v2\/pages\/109\/revisions"}],"predecessor-version":[{"id":110,"href":"http:\/\/aydo-geseke.de\/tr\/wp-json\/wp\/v2\/pages\/109\/revisions\/110"}],"wp:attachment":[{"href":"http:\/\/aydo-geseke.de\/tr\/wp-json\/wp\/v2\/media?parent=109"}],"curies":[{"name":"wp","href":"https:\/\/api.w.org\/{rel}","templated":true}]}}