{"id":150,"date":"2022-08-31T15:21:06","date_gmt":"2022-08-31T15:21:06","guid":{"rendered":"https:\/\/aydo-geseke.de\/?page_id=150"},"modified":"2025-02-26T10:34:25","modified_gmt":"2025-02-26T10:34:25","slug":"unser-team","status":"publish","type":"page","link":"http:\/\/aydo-geseke.de\/tr\/ueber-mich\/unser-team\/","title":{"rendered":"Team AyDo"},"content":{"rendered":"\n<h1 class=\"wp-block-heading has-text-align-center\"> &#8211; ein Team aktiv mit Herzblut &#8211;<\/h1>\n\n\n\n<p class=\"has-text-align-center\">Mein Team besteht aus tatkr\u00e4ftigen Mitarbeiterinnen, die hilfsbed\u00fcrftige Menschen sowie <br>Angeh\u00f6rige im Alltag individuell &amp; leidensgerecht unterst\u00fctzen. <br>Unsere T\u00e4tigkeiten erfolgen sowohl innerhalb H\u00e4uslichkeit (Hauswirtschaft) als auch <br>au\u00dferhalb in Form von Begleitung, Eink\u00e4ufen etc. zu unterst\u00fctzen.<\/p>\n\n\n\n<p><\/p>\n\n\n\n<p><\/p>\n","protected":false},"excerpt":{"rendered":"<p>&#8211; ein Team aktiv mit Herzblut &#8211; Mein Team besteht aus tatkr\u00e4ftigen Mitarbeiterinnen, die hilfsbed\u00fcrftige Menschen sowie Angeh\u00f6rige im Alltag individuell &amp; leidensgerecht unterst\u00fctzen. Unsere T\u00e4tigkeiten erfolgen sowohl innerhalb H\u00e4uslichkeit (Hauswirtschaft) als auch au\u00dferhalb in Form von Begleitung, Eink\u00e4ufen etc. zu unterst\u00fctzen.<\/p>\n","protected":false},"author":1,"featured_media":0,"parent":29,"menu_order":0,"comment_status":"closed","ping_status":"closed","template":"","meta":{"footnotes":""},"class_list":["post-150","page","type-page","status-publish","hentry"],"translation":{"provider":"WPGlobus","version":"3.0.2","language":"tr","enabled_languages":["de","tr"],"languages":{"de":{"title":true,"content":true,"excerpt":false},"tr":{"title":false,"content":false,"excerpt":false}}},"yoast_head":"<!-- This site is optimized with the Yoast SEO plugin v26.8 - https:\/\/yoast.com\/product\/yoast-seo-wordpress\/ -->\n<title>Team AyDo - AyDo Geseke<\/title>\n<meta name=\"robots\" content=\"index, follow, max-snippet:-1, max-image-preview:large, max-video-preview:-1\" \/>\n<link rel=\"canonical\" href=\"http:\/\/aydo-geseke.de\/tr\/ueber-mich\/unser-team\/\" \/>\n<meta property=\"og:locale\" content=\"tr_TR\" \/>\n<meta property=\"og:type\" content=\"article\" \/>\n<meta property=\"og:title\" content=\"Team AyDo - AyDo Geseke\" \/>\n<meta property=\"og:url\" content=\"http:\/\/aydo-geseke.de\/tr\/ueber-mich\/unser-team\/\" \/>\n<meta property=\"og:site_name\" content=\"AyDo Geseke\" \/>\n<meta property=\"article:modified_time\" content=\"2025-02-26T10:34:25+00:00\" \/>\n<meta name=\"twitter:card\" content=\"summary_large_image\" \/>\n<meta name=\"twitter:label1\" content=\"Tahmini okuma s\u00fcresi\" \/>\n\t<meta name=\"twitter:data1\" content=\"1 dakika\" \/>\n<script type=\"application\/ld+json\" class=\"yoast-schema-graph\">{\"@context\":\"https:\/\/schema.org\",\"@graph\":[{\"@type\":\"WebPage\",\"@id\":\"http:\/\/aydo-geseke.de\/tr\/ueber-mich\/unser-team\/\",\"url\":\"http:\/\/aydo-geseke.de\/tr\/ueber-mich\/unser-team\/\",\"name\":\"Team AyDo - AyDo Geseke\",\"isPartOf\":{\"@id\":\"http:\/\/aydo-geseke.de\/tr\/#website\"},\"datePublished\":\"2022-08-31T15:21:06+00:00\",\"dateModified\":\"2025-02-26T10:34:25+00:00\",\"breadcrumb\":{\"@id\":\"http:\/\/aydo-geseke.de\/tr\/ueber-mich\/unser-team\/#breadcrumb\"},\"inLanguage\":\"tr\",\"potentialAction\":[{\"@type\":\"ReadAction\",\"target\":[\"http:\/\/aydo-geseke.de\/tr\/ueber-mich\/unser-team\/\"]}]},{\"@type\":\"BreadcrumbList\",\"@id\":\"http:\/\/aydo-geseke.de\/tr\/ueber-mich\/unser-team\/#breadcrumb\",\"itemListElement\":[{\"@type\":\"ListItem\",\"position\":1,\"name\":\"Startseite\",\"item\":\"https:\/\/aydo-geseke.de\/\"},{\"@type\":\"ListItem\",\"position\":2,\"name\":\"\u00fcber mich\",\"item\":\"https:\/\/aydo-geseke.de\/ueber-mich\/\"},{\"@type\":\"ListItem\",\"position\":3,\"name\":\"Team AyDo\"}]},{\"@type\":\"WebSite\",\"@id\":\"http:\/\/aydo-geseke.de\/tr\/#website\",\"url\":\"http:\/\/aydo-geseke.de\/tr\/\",\"name\":\"AyDo Geseke\",\"description\":\"\",\"publisher\":{\"@id\":\"http:\/\/aydo-geseke.de\/tr\/#organization\"},\"potentialAction\":[{\"@type\":\"SearchAction\",\"target\":{\"@type\":\"EntryPoint\",\"urlTemplate\":\"http:\/\/aydo-geseke.de\/tr\/?s={search_term_string}\"},\"query-input\":{\"@type\":\"PropertyValueSpecification\",\"valueRequired\":true,\"valueName\":\"search_term_string\"}}],\"inLanguage\":\"tr\"},{\"@type\":\"Organization\",\"@id\":\"http:\/\/aydo-geseke.de\/tr\/#organization\",\"name\":\"Ay Do\",\"url\":\"http:\/\/aydo-geseke.de\/tr\/\",\"logo\":{\"@type\":\"ImageObject\",\"inLanguage\":\"tr\",\"@id\":\"http:\/\/aydo-geseke.de\/tr\/#\/schema\/logo\/image\/\",\"url\":\"http:\/\/aydo-geseke.de\/wp-content\/uploads\/2021\/04\/Haus-Herz_transparent.gif\",\"contentUrl\":\"http:\/\/aydo-geseke.de\/wp-content\/uploads\/2021\/04\/Haus-Herz_transparent.gif\",\"width\":842,\"height\":595,\"caption\":\"Ay Do\"},\"image\":{\"@id\":\"http:\/\/aydo-geseke.de\/tr\/#\/schema\/logo\/image\/\"}}]}<\/script>\n<!-- \/ Yoast SEO plugin. -->","yoast_head_json":{"title":"Team AyDo - AyDo Geseke","robots":{"index":"index","follow":"follow","max-snippet":"max-snippet:-1","max-image-preview":"max-image-preview:large","max-video-preview":"max-video-preview:-1"},"canonical":"http:\/\/aydo-geseke.de\/tr\/ueber-mich\/unser-team\/","og_locale":"tr_TR","og_type":"article","og_title":"Team AyDo - AyDo Geseke","og_url":"http:\/\/aydo-geseke.de\/tr\/ueber-mich\/unser-team\/","og_site_name":"AyDo Geseke","article_modified_time":"2025-02-26T10:34:25+00:00","twitter_card":"summary_large_image","twitter_misc":{"Tahmini okuma s\u00fcresi":"1 dakika"},"schema":{"@context":"https:\/\/schema.org","@graph":[{"@type":"WebPage","@id":"http:\/\/aydo-geseke.de\/tr\/ueber-mich\/unser-team\/","url":"http:\/\/aydo-geseke.de\/tr\/ueber-mich\/unser-team\/","name":"Team AyDo - AyDo Geseke","isPartOf":{"@id":"http:\/\/aydo-geseke.de\/tr\/#website"},"datePublished":"2022-08-31T15:21:06+00:00","dateModified":"2025-02-26T10:34:25+00:00","breadcrumb":{"@id":"http:\/\/aydo-geseke.de\/tr\/ueber-mich\/unser-team\/#breadcrumb"},"inLanguage":"tr","potentialAction":[{"@type":"ReadAction","target":["http:\/\/aydo-geseke.de\/tr\/ueber-mich\/unser-team\/"]}]},{"@type":"BreadcrumbList","@id":"http:\/\/aydo-geseke.de\/tr\/ueber-mich\/unser-team\/#breadcrumb","itemListElement":[{"@type":"ListItem","position":1,"name":"Startseite","item":"https:\/\/aydo-geseke.de\/"},{"@type":"ListItem","position":2,"name":"\u00fcber mich","item":"https:\/\/aydo-geseke.de\/ueber-mich\/"},{"@type":"ListItem","position":3,"name":"Team AyDo"}]},{"@type":"WebSite","@id":"http:\/\/aydo-geseke.de\/tr\/#website","url":"http:\/\/aydo-geseke.de\/tr\/","name":"AyDo Geseke","description":"","publisher":{"@id":"http:\/\/aydo-geseke.de\/tr\/#organization"},"potentialAction":[{"@type":"SearchAction","target":{"@type":"EntryPoint","urlTemplate":"http:\/\/aydo-geseke.de\/tr\/?s={search_term_string}"},"query-input":{"@type":"PropertyValueSpecification","valueRequired":true,"valueName":"search_term_string"}}],"inLanguage":"tr"},{"@type":"Organization","@id":"http:\/\/aydo-geseke.de\/tr\/#organization","name":"Ay Do","url":"http:\/\/aydo-geseke.de\/tr\/","logo":{"@type":"ImageObject","inLanguage":"tr","@id":"http:\/\/aydo-geseke.de\/tr\/#\/schema\/logo\/image\/","url":"http:\/\/aydo-geseke.de\/wp-content\/uploads\/2021\/04\/Haus-Herz_transparent.gif","contentUrl":"http:\/\/aydo-geseke.de\/wp-content\/uploads\/2021\/04\/Haus-Herz_transparent.gif","width":842,"height":595,"caption":"Ay Do"},"image":{"@id":"http:\/\/aydo-geseke.de\/tr\/#\/schema\/logo\/image\/"}}]}},"_links":{"self":[{"href":"http:\/\/aydo-geseke.de\/tr\/wp-json\/wp\/v2\/pages\/150","targetHints":{"allow":["GET"]}}],"collection":[{"href":"http:\/\/aydo-geseke.de\/tr\/wp-json\/wp\/v2\/pages"}],"about":[{"href":"http:\/\/aydo-geseke.de\/tr\/wp-json\/wp\/v2\/types\/page"}],"author":[{"embeddable":true,"href":"http:\/\/aydo-geseke.de\/tr\/wp-json\/wp\/v2\/users\/1"}],"replies":[{"embeddable":true,"href":"http:\/\/aydo-geseke.de\/tr\/wp-json\/wp\/v2\/comments?post=150"}],"version-history":[{"count":5,"href":"http:\/\/aydo-geseke.de\/tr\/wp-json\/wp\/v2\/pages\/150\/revisions"}],"predecessor-version":[{"id":368,"href":"http:\/\/aydo-geseke.de\/tr\/wp-json\/wp\/v2\/pages\/150\/revisions\/368"}],"up":[{"embeddable":true,"href":"http:\/\/aydo-geseke.de\/tr\/wp-json\/wp\/v2\/pages\/29"}],"wp:attachment":[{"href":"http:\/\/aydo-geseke.de\/tr\/wp-json\/wp\/v2\/media?parent=150"}],"curies":[{"name":"wp","href":"https:\/\/api.w.org\/{rel}","templated":true}]}}