{"id":29,"date":"2021-04-06T14:21:39","date_gmt":"2021-04-06T14:21:39","guid":{"rendered":"http:\/\/aydo-geseke.de\/?page_id=29"},"modified":"2025-05-16T08:56:36","modified_gmt":"2025-05-16T08:56:36","slug":"ueber-mich","status":"publish","type":"page","link":"http:\/\/aydo-geseke.de\/tr\/ueber-mich\/","title":{"rendered":"\u00fcber mich"},"content":{"rendered":"<div class=\"wp-block-image is-style-rounded\">\n<figure class=\"aligncenter size-full is-resized\"><img fetchpriority=\"high\" decoding=\"async\" width=\"488\" height=\"498\" src=\"http:\/\/aydo-geseke.de\/wp-content\/uploads\/2025\/05\/2025_AyseDogan.jpg\" alt=\"\" class=\"wp-image-373\" style=\"aspect-ratio:1;object-fit:cover;width:400px\" srcset=\"http:\/\/aydo-geseke.de\/wp-content\/uploads\/2025\/05\/2025_AyseDogan.jpg 488w, http:\/\/aydo-geseke.de\/wp-content\/uploads\/2025\/05\/2025_AyseDogan-294x300.jpg 294w\" sizes=\"(max-width: 488px) 100vw, 488px\" \/><\/figure><\/div>\n\n\n<p>mein Name ist Ayse Dogan, seit Jahren \u00fcbe ich meinen Beruf im station\u00e4ren sowie ambulanten Fachbereich des Gesundheitssystems aus. Hohe Motivation,  Zuverl\u00e4ssigkeit, Sorgf\u00e4ltigkeit und Einsatzbereitschaft geh\u00f6ren zu meinen St\u00e4rken.<\/p>\n\n\n\n<p>Bei den ersichtlich zunehmenden Versorgungsl\u00fccken halte ich es f\u00fcr notwendig nun eigenst\u00e4ndig aktiv in und um Geseke zu werden.<\/p>\n\n\n\n<p>Als Fachwirtin f\u00fcr ambulante medizinische Versorgung mit dem Schwerpunkt Versorgung, Betreuung, Begleitung und Beratung von \u00e4lteren sowie hilfsbed\u00fcrftigen Menschen sehe ich Handlungsbedarf, insbesondere bei Risikopatienten um Sp\u00e4tfolgen zu vermeiden.<\/p>\n\n\n\n<p>Ich \u00fcbernehme anspruchsvolle organisatorische T\u00e4tigkeiten im Gesundheitssystem und unterst\u00fctze Menschen vor und nach station\u00e4ren Behandlungen.<\/p>\n","protected":false},"excerpt":{"rendered":"<p>mein Name ist Ayse Dogan, seit Jahren \u00fcbe ich meinen Beruf im station\u00e4ren sowie ambulanten Fachbereich des Gesundheitssystems aus. Hohe Motivation, Zuverl\u00e4ssigkeit, Sorgf\u00e4ltigkeit und Einsatzbereitschaft geh\u00f6ren zu meinen St\u00e4rken. Bei den ersichtlich zunehmenden Versorgungsl\u00fccken halte ich es f\u00fcr notwendig nun eigenst\u00e4ndig aktiv in und um Geseke zu werden. Als Fachwirtin f\u00fcr ambulante medizinische Versorgung mit [&hellip;]<\/p>\n","protected":false},"author":1,"featured_media":0,"parent":0,"menu_order":0,"comment_status":"closed","ping_status":"closed","template":"","meta":{"footnotes":""},"class_list":["post-29","page","type-page","status-publish","hentry"],"translation":{"provider":"WPGlobus","version":"3.0.2","language":"tr","enabled_languages":["de","tr"],"languages":{"de":{"title":true,"content":true,"excerpt":false},"tr":{"title":false,"content":true,"excerpt":false}}},"yoast_head":"<!-- This site is optimized with the Yoast SEO plugin v26.8 - https:\/\/yoast.com\/product\/yoast-seo-wordpress\/ -->\n<title>\u00fcber mich - AyDo Geseke<\/title>\n<meta name=\"robots\" content=\"index, follow, max-snippet:-1, max-image-preview:large, max-video-preview:-1\" \/>\n<link rel=\"canonical\" href=\"http:\/\/aydo-geseke.de\/tr\/ueber-mich\/\" \/>\n<meta property=\"og:locale\" content=\"tr_TR\" \/>\n<meta property=\"og:type\" content=\"article\" \/>\n<meta property=\"og:title\" content=\"\u00fcber mich - AyDo Geseke\" \/>\n<meta property=\"og:url\" content=\"http:\/\/aydo-geseke.de\/tr\/ueber-mich\/\" \/>\n<meta property=\"og:site_name\" content=\"AyDo Geseke\" \/>\n<meta property=\"article:modified_time\" content=\"2025-05-16T08:56:36+00:00\" \/>\n<meta property=\"og:image\" content=\"http:\/\/aydo-geseke.de\/wp-content\/uploads\/2025\/05\/2025_AyseDogan.jpg\" \/>\n<meta name=\"twitter:card\" content=\"summary_large_image\" \/>\n<meta name=\"twitter:label1\" content=\"Tahmini okuma s\u00fcresi\" \/>\n\t<meta name=\"twitter:data1\" content=\"1 dakika\" \/>\n<script type=\"application\/ld+json\" class=\"yoast-schema-graph\">{\"@context\":\"https:\/\/schema.org\",\"@graph\":[{\"@type\":\"WebPage\",\"@id\":\"http:\/\/aydo-geseke.de\/tr\/ueber-mich\/\",\"url\":\"http:\/\/aydo-geseke.de\/tr\/ueber-mich\/\",\"name\":\"\u00fcber mich - AyDo Geseke\",\"isPartOf\":{\"@id\":\"http:\/\/aydo-geseke.de\/tr\/#website\"},\"primaryImageOfPage\":{\"@id\":\"http:\/\/aydo-geseke.de\/tr\/ueber-mich\/#primaryimage\"},\"image\":{\"@id\":\"http:\/\/aydo-geseke.de\/tr\/ueber-mich\/#primaryimage\"},\"thumbnailUrl\":\"http:\/\/aydo-geseke.de\/wp-content\/uploads\/2025\/05\/2025_AyseDogan.jpg\",\"datePublished\":\"2021-04-06T14:21:39+00:00\",\"dateModified\":\"2025-05-16T08:56:36+00:00\",\"breadcrumb\":{\"@id\":\"http:\/\/aydo-geseke.de\/tr\/ueber-mich\/#breadcrumb\"},\"inLanguage\":\"tr\",\"potentialAction\":[{\"@type\":\"ReadAction\",\"target\":[\"http:\/\/aydo-geseke.de\/tr\/ueber-mich\/\"]}]},{\"@type\":\"ImageObject\",\"inLanguage\":\"tr\",\"@id\":\"http:\/\/aydo-geseke.de\/tr\/ueber-mich\/#primaryimage\",\"url\":\"http:\/\/aydo-geseke.de\/wp-content\/uploads\/2025\/05\/2025_AyseDogan.jpg\",\"contentUrl\":\"http:\/\/aydo-geseke.de\/wp-content\/uploads\/2025\/05\/2025_AyseDogan.jpg\"},{\"@type\":\"BreadcrumbList\",\"@id\":\"http:\/\/aydo-geseke.de\/tr\/ueber-mich\/#breadcrumb\",\"itemListElement\":[{\"@type\":\"ListItem\",\"position\":1,\"name\":\"Startseite\",\"item\":\"https:\/\/aydo-geseke.de\/\"},{\"@type\":\"ListItem\",\"position\":2,\"name\":\"\u00fcber mich\"}]},{\"@type\":\"WebSite\",\"@id\":\"http:\/\/aydo-geseke.de\/tr\/#website\",\"url\":\"http:\/\/aydo-geseke.de\/tr\/\",\"name\":\"AyDo Geseke\",\"description\":\"\",\"publisher\":{\"@id\":\"http:\/\/aydo-geseke.de\/tr\/#organization\"},\"potentialAction\":[{\"@type\":\"SearchAction\",\"target\":{\"@type\":\"EntryPoint\",\"urlTemplate\":\"http:\/\/aydo-geseke.de\/tr\/?s={search_term_string}\"},\"query-input\":{\"@type\":\"PropertyValueSpecification\",\"valueRequired\":true,\"valueName\":\"search_term_string\"}}],\"inLanguage\":\"tr\"},{\"@type\":\"Organization\",\"@id\":\"http:\/\/aydo-geseke.de\/tr\/#organization\",\"name\":\"Ay Do\",\"url\":\"http:\/\/aydo-geseke.de\/tr\/\",\"logo\":{\"@type\":\"ImageObject\",\"inLanguage\":\"tr\",\"@id\":\"http:\/\/aydo-geseke.de\/tr\/#\/schema\/logo\/image\/\",\"url\":\"http:\/\/aydo-geseke.de\/wp-content\/uploads\/2021\/04\/Haus-Herz_transparent.gif\",\"contentUrl\":\"http:\/\/aydo-geseke.de\/wp-content\/uploads\/2021\/04\/Haus-Herz_transparent.gif\",\"width\":842,\"height\":595,\"caption\":\"Ay Do\"},\"image\":{\"@id\":\"http:\/\/aydo-geseke.de\/tr\/#\/schema\/logo\/image\/\"}}]}<\/script>\n<!-- \/ Yoast SEO plugin. -->","yoast_head_json":{"title":"\u00fcber mich - AyDo Geseke","robots":{"index":"index","follow":"follow","max-snippet":"max-snippet:-1","max-image-preview":"max-image-preview:large","max-video-preview":"max-video-preview:-1"},"canonical":"http:\/\/aydo-geseke.de\/tr\/ueber-mich\/","og_locale":"tr_TR","og_type":"article","og_title":"\u00fcber mich - AyDo Geseke","og_url":"http:\/\/aydo-geseke.de\/tr\/ueber-mich\/","og_site_name":"AyDo Geseke","article_modified_time":"2025-05-16T08:56:36+00:00","og_image":[{"url":"http:\/\/aydo-geseke.de\/wp-content\/uploads\/2025\/05\/2025_AyseDogan.jpg","type":"","width":"","height":""}],"twitter_card":"summary_large_image","twitter_misc":{"Tahmini okuma s\u00fcresi":"1 dakika"},"schema":{"@context":"https:\/\/schema.org","@graph":[{"@type":"WebPage","@id":"http:\/\/aydo-geseke.de\/tr\/ueber-mich\/","url":"http:\/\/aydo-geseke.de\/tr\/ueber-mich\/","name":"\u00fcber mich - AyDo Geseke","isPartOf":{"@id":"http:\/\/aydo-geseke.de\/tr\/#website"},"primaryImageOfPage":{"@id":"http:\/\/aydo-geseke.de\/tr\/ueber-mich\/#primaryimage"},"image":{"@id":"http:\/\/aydo-geseke.de\/tr\/ueber-mich\/#primaryimage"},"thumbnailUrl":"http:\/\/aydo-geseke.de\/wp-content\/uploads\/2025\/05\/2025_AyseDogan.jpg","datePublished":"2021-04-06T14:21:39+00:00","dateModified":"2025-05-16T08:56:36+00:00","breadcrumb":{"@id":"http:\/\/aydo-geseke.de\/tr\/ueber-mich\/#breadcrumb"},"inLanguage":"tr","potentialAction":[{"@type":"ReadAction","target":["http:\/\/aydo-geseke.de\/tr\/ueber-mich\/"]}]},{"@type":"ImageObject","inLanguage":"tr","@id":"http:\/\/aydo-geseke.de\/tr\/ueber-mich\/#primaryimage","url":"http:\/\/aydo-geseke.de\/wp-content\/uploads\/2025\/05\/2025_AyseDogan.jpg","contentUrl":"http:\/\/aydo-geseke.de\/wp-content\/uploads\/2025\/05\/2025_AyseDogan.jpg"},{"@type":"BreadcrumbList","@id":"http:\/\/aydo-geseke.de\/tr\/ueber-mich\/#breadcrumb","itemListElement":[{"@type":"ListItem","position":1,"name":"Startseite","item":"https:\/\/aydo-geseke.de\/"},{"@type":"ListItem","position":2,"name":"\u00fcber mich"}]},{"@type":"WebSite","@id":"http:\/\/aydo-geseke.de\/tr\/#website","url":"http:\/\/aydo-geseke.de\/tr\/","name":"AyDo Geseke","description":"","publisher":{"@id":"http:\/\/aydo-geseke.de\/tr\/#organization"},"potentialAction":[{"@type":"SearchAction","target":{"@type":"EntryPoint","urlTemplate":"http:\/\/aydo-geseke.de\/tr\/?s={search_term_string}"},"query-input":{"@type":"PropertyValueSpecification","valueRequired":true,"valueName":"search_term_string"}}],"inLanguage":"tr"},{"@type":"Organization","@id":"http:\/\/aydo-geseke.de\/tr\/#organization","name":"Ay Do","url":"http:\/\/aydo-geseke.de\/tr\/","logo":{"@type":"ImageObject","inLanguage":"tr","@id":"http:\/\/aydo-geseke.de\/tr\/#\/schema\/logo\/image\/","url":"http:\/\/aydo-geseke.de\/wp-content\/uploads\/2021\/04\/Haus-Herz_transparent.gif","contentUrl":"http:\/\/aydo-geseke.de\/wp-content\/uploads\/2021\/04\/Haus-Herz_transparent.gif","width":842,"height":595,"caption":"Ay Do"},"image":{"@id":"http:\/\/aydo-geseke.de\/tr\/#\/schema\/logo\/image\/"}}]}},"_links":{"self":[{"href":"http:\/\/aydo-geseke.de\/tr\/wp-json\/wp\/v2\/pages\/29","targetHints":{"allow":["GET"]}}],"collection":[{"href":"http:\/\/aydo-geseke.de\/tr\/wp-json\/wp\/v2\/pages"}],"about":[{"href":"http:\/\/aydo-geseke.de\/tr\/wp-json\/wp\/v2\/types\/page"}],"author":[{"embeddable":true,"href":"http:\/\/aydo-geseke.de\/tr\/wp-json\/wp\/v2\/users\/1"}],"replies":[{"embeddable":true,"href":"http:\/\/aydo-geseke.de\/tr\/wp-json\/wp\/v2\/comments?post=29"}],"version-history":[{"count":22,"href":"http:\/\/aydo-geseke.de\/tr\/wp-json\/wp\/v2\/pages\/29\/revisions"}],"predecessor-version":[{"id":377,"href":"http:\/\/aydo-geseke.de\/tr\/wp-json\/wp\/v2\/pages\/29\/revisions\/377"}],"wp:attachment":[{"href":"http:\/\/aydo-geseke.de\/tr\/wp-json\/wp\/v2\/media?parent=29"}],"curies":[{"name":"wp","href":"https:\/\/api.w.org\/{rel}","templated":true}]}}