{"id":6,"date":"2021-04-06T13:34:10","date_gmt":"2021-04-06T13:34:10","guid":{"rendered":"http:\/\/aydo-geseke.de\/willkommen-auf-http-aydo-geseke-de\/"},"modified":"2021-05-03T17:19:21","modified_gmt":"2021-05-03T17:19:21","slug":"willkommen-auf-http-aydo-geseke-de","status":"publish","type":"page","link":"http:\/\/aydo-geseke.de\/tr\/willkommen-auf-http-aydo-geseke-de\/","title":{"rendered":"meine Leistungen"},"content":{"rendered":"\n<p> Almanya&#8217;da ya\u015f\u0131yor, burada vergi veriyor ve \u00e7al\u0131\u015f\u0131yorsak, bizim de her birey gibi haklar\u0131m\u0131z\u0131 talep etme ve kullanma hakk\u0131m\u0131z oldu\u011funu unutmamam\u0131z gerekiyor. \u00c7al\u0131\u015farak bizler de her birey gibi, \u00f6mr\u00fcm\u00fczce v\u00fccut sa\u011fl\u0131\u011f\u0131m\u0131zdan \u00f6d\u00fcn vererek ya\u015f\u0131yoruz.<\/p>\n\n\n\n<p>Bunlar\u0131 biliyor muydunuz?<\/p>\n\n\n\n<p>Bak\u0131m seviyesi ( Pflegestufe) , sakatl\u0131k derecesi (Grad der Behinderung), kaza, ameliyatlar sonras\u0131 veya benzeri durumlarda ev yard\u0131m\u0131 ( Haushaltshilfe ) veya \u015feker hastal\u0131\u011f\u0131 yani diabetes gibi ba\u015fka a\u011f\u0131r ayak hastal\u0131klar\u0131nda \u00f6zel ayakkab\u0131 haklar\u0131n\u0131z ( leidensgerechte Schuhversorgung), engellilik durumunuza bakarak, evinizdeki yap\u0131lmas\u0131 gereken tadilat ve yap\u0131m i\u00e7in sunulan destekleri ( Wohnumfeldverbesserung)\u2026 gibi, daha bilmedi\u011finiz bir \u00e7ok haklar\u0131n\u0131z var.<\/p>\n\n\n\n<p>Bu konularda sizlerin yan\u0131 ba\u015f\u0131nda olup, yak\u0131n ve g\u00fcvenebilece\u011finiz dan\u0131\u015fman\u0131n\u0131z olarak, sizleri bilgilendirmek, haklar\u0131n\u0131z i\u00e7in yan\u0131n\u0131zda olmak, haklar\u0131nn\u0131z\u0131 elde edene kadar da takip etmek, sizlere yard\u0131mc\u0131 olmak istiyorum.<br>Son olarak, halimize elbette ki \u015f\u00fck\u00fcr etmeliyiz fakat de\u011fi\u015ftirebilece\u011fimiz, daha rahat ya\u015fayabilece\u011fimiz, haklar\u0131m\u0131zdan \u00f6d\u00fcn vermeden, sa\u011fl\u0131\u011f\u0131m\u0131z i\u00e7in gerekeni yaparak \u015f\u00fck\u00fcr etmeliyiz.<\/p>\n\n\n\n<p>Ya\u015fam\u0131n\u0131z\u0131 kolayla\u015ft\u0131r\u0131n. Sa\u011fl\u0131\u011f\u0131n\u0131za \u00f6nem verin.<\/p>\n","protected":false},"excerpt":{"rendered":"<p>Almanya&#8217;da ya\u015f\u0131yor, burada vergi veriyor ve \u00e7al\u0131\u015f\u0131yorsak, bizim de her birey gibi haklar\u0131m\u0131z\u0131 talep etme ve kullanma hakk\u0131m\u0131z oldu\u011funu unutmamam\u0131z gerekiyor. \u00c7al\u0131\u015farak bizler de her birey gibi, \u00f6mr\u00fcm\u00fczce v\u00fccut sa\u011fl\u0131\u011f\u0131m\u0131zdan \u00f6d\u00fcn vererek ya\u015f\u0131yoruz. Bunlar\u0131 biliyor muydunuz? Bak\u0131m seviyesi ( Pflegestufe) , sakatl\u0131k derecesi (Grad der Behinderung), kaza, ameliyatlar sonras\u0131 veya benzeri durumlarda ev yard\u0131m\u0131 ( [&hellip;]<\/p>\n","protected":false},"author":1,"featured_media":0,"parent":0,"menu_order":0,"comment_status":"closed","ping_status":"open","template":"","meta":{"footnotes":""},"class_list":["post-6","page","type-page","status-publish","hentry"],"translation":{"provider":"WPGlobus","version":"3.0.2","language":"tr","enabled_languages":["de","tr"],"languages":{"de":{"title":true,"content":true,"excerpt":false},"tr":{"title":false,"content":true,"excerpt":false}}},"yoast_head":"<!-- This site is optimized with the Yoast SEO plugin v26.8 - https:\/\/yoast.com\/product\/yoast-seo-wordpress\/ -->\n<title>meine Leistungen - AyDo Geseke<\/title>\n<meta name=\"robots\" content=\"index, follow, max-snippet:-1, max-image-preview:large, max-video-preview:-1\" \/>\n<link rel=\"canonical\" href=\"http:\/\/aydo-geseke.de\/tr\/willkommen-auf-http-aydo-geseke-de\/\" \/>\n<meta property=\"og:locale\" content=\"tr_TR\" \/>\n<meta property=\"og:type\" content=\"article\" \/>\n<meta property=\"og:title\" content=\"meine Leistungen - AyDo Geseke\" \/>\n<meta property=\"og:url\" content=\"http:\/\/aydo-geseke.de\/tr\/willkommen-auf-http-aydo-geseke-de\/\" \/>\n<meta property=\"og:site_name\" content=\"AyDo Geseke\" \/>\n<meta property=\"article:modified_time\" content=\"2021-05-03T17:19:21+00:00\" \/>\n<meta name=\"twitter:card\" content=\"summary_large_image\" \/>\n<meta name=\"twitter:label1\" content=\"Tahmini okuma s\u00fcresi\" \/>\n\t<meta name=\"twitter:data1\" content=\"2 dakika\" \/>\n<script type=\"application\/ld+json\" class=\"yoast-schema-graph\">{\"@context\":\"https:\/\/schema.org\",\"@graph\":[{\"@type\":\"WebPage\",\"@id\":\"http:\/\/aydo-geseke.de\/tr\/willkommen-auf-http-aydo-geseke-de\/\",\"url\":\"http:\/\/aydo-geseke.de\/tr\/willkommen-auf-http-aydo-geseke-de\/\",\"name\":\"meine Leistungen - AyDo Geseke\",\"isPartOf\":{\"@id\":\"http:\/\/aydo-geseke.de\/tr\/#website\"},\"datePublished\":\"2021-04-06T13:34:10+00:00\",\"dateModified\":\"2021-05-03T17:19:21+00:00\",\"breadcrumb\":{\"@id\":\"http:\/\/aydo-geseke.de\/tr\/willkommen-auf-http-aydo-geseke-de\/#breadcrumb\"},\"inLanguage\":\"tr\",\"potentialAction\":[{\"@type\":\"ReadAction\",\"target\":[\"http:\/\/aydo-geseke.de\/tr\/willkommen-auf-http-aydo-geseke-de\/\"]}]},{\"@type\":\"BreadcrumbList\",\"@id\":\"http:\/\/aydo-geseke.de\/tr\/willkommen-auf-http-aydo-geseke-de\/#breadcrumb\",\"itemListElement\":[{\"@type\":\"ListItem\",\"position\":1,\"name\":\"Startseite\",\"item\":\"https:\/\/aydo-geseke.de\/\"},{\"@type\":\"ListItem\",\"position\":2,\"name\":\"meine Leistungen\"}]},{\"@type\":\"WebSite\",\"@id\":\"http:\/\/aydo-geseke.de\/tr\/#website\",\"url\":\"http:\/\/aydo-geseke.de\/tr\/\",\"name\":\"AyDo Geseke\",\"description\":\"\",\"publisher\":{\"@id\":\"http:\/\/aydo-geseke.de\/tr\/#organization\"},\"potentialAction\":[{\"@type\":\"SearchAction\",\"target\":{\"@type\":\"EntryPoint\",\"urlTemplate\":\"http:\/\/aydo-geseke.de\/tr\/?s={search_term_string}\"},\"query-input\":{\"@type\":\"PropertyValueSpecification\",\"valueRequired\":true,\"valueName\":\"search_term_string\"}}],\"inLanguage\":\"tr\"},{\"@type\":\"Organization\",\"@id\":\"http:\/\/aydo-geseke.de\/tr\/#organization\",\"name\":\"Ay Do\",\"url\":\"http:\/\/aydo-geseke.de\/tr\/\",\"logo\":{\"@type\":\"ImageObject\",\"inLanguage\":\"tr\",\"@id\":\"http:\/\/aydo-geseke.de\/tr\/#\/schema\/logo\/image\/\",\"url\":\"http:\/\/aydo-geseke.de\/wp-content\/uploads\/2021\/04\/Haus-Herz_transparent.gif\",\"contentUrl\":\"http:\/\/aydo-geseke.de\/wp-content\/uploads\/2021\/04\/Haus-Herz_transparent.gif\",\"width\":842,\"height\":595,\"caption\":\"Ay Do\"},\"image\":{\"@id\":\"http:\/\/aydo-geseke.de\/tr\/#\/schema\/logo\/image\/\"}}]}<\/script>\n<!-- \/ Yoast SEO plugin. -->","yoast_head_json":{"title":"meine Leistungen - AyDo Geseke","robots":{"index":"index","follow":"follow","max-snippet":"max-snippet:-1","max-image-preview":"max-image-preview:large","max-video-preview":"max-video-preview:-1"},"canonical":"http:\/\/aydo-geseke.de\/tr\/willkommen-auf-http-aydo-geseke-de\/","og_locale":"tr_TR","og_type":"article","og_title":"meine Leistungen - AyDo Geseke","og_url":"http:\/\/aydo-geseke.de\/tr\/willkommen-auf-http-aydo-geseke-de\/","og_site_name":"AyDo Geseke","article_modified_time":"2021-05-03T17:19:21+00:00","twitter_card":"summary_large_image","twitter_misc":{"Tahmini okuma s\u00fcresi":"2 dakika"},"schema":{"@context":"https:\/\/schema.org","@graph":[{"@type":"WebPage","@id":"http:\/\/aydo-geseke.de\/tr\/willkommen-auf-http-aydo-geseke-de\/","url":"http:\/\/aydo-geseke.de\/tr\/willkommen-auf-http-aydo-geseke-de\/","name":"meine Leistungen - AyDo Geseke","isPartOf":{"@id":"http:\/\/aydo-geseke.de\/tr\/#website"},"datePublished":"2021-04-06T13:34:10+00:00","dateModified":"2021-05-03T17:19:21+00:00","breadcrumb":{"@id":"http:\/\/aydo-geseke.de\/tr\/willkommen-auf-http-aydo-geseke-de\/#breadcrumb"},"inLanguage":"tr","potentialAction":[{"@type":"ReadAction","target":["http:\/\/aydo-geseke.de\/tr\/willkommen-auf-http-aydo-geseke-de\/"]}]},{"@type":"BreadcrumbList","@id":"http:\/\/aydo-geseke.de\/tr\/willkommen-auf-http-aydo-geseke-de\/#breadcrumb","itemListElement":[{"@type":"ListItem","position":1,"name":"Startseite","item":"https:\/\/aydo-geseke.de\/"},{"@type":"ListItem","position":2,"name":"meine Leistungen"}]},{"@type":"WebSite","@id":"http:\/\/aydo-geseke.de\/tr\/#website","url":"http:\/\/aydo-geseke.de\/tr\/","name":"AyDo Geseke","description":"","publisher":{"@id":"http:\/\/aydo-geseke.de\/tr\/#organization"},"potentialAction":[{"@type":"SearchAction","target":{"@type":"EntryPoint","urlTemplate":"http:\/\/aydo-geseke.de\/tr\/?s={search_term_string}"},"query-input":{"@type":"PropertyValueSpecification","valueRequired":true,"valueName":"search_term_string"}}],"inLanguage":"tr"},{"@type":"Organization","@id":"http:\/\/aydo-geseke.de\/tr\/#organization","name":"Ay Do","url":"http:\/\/aydo-geseke.de\/tr\/","logo":{"@type":"ImageObject","inLanguage":"tr","@id":"http:\/\/aydo-geseke.de\/tr\/#\/schema\/logo\/image\/","url":"http:\/\/aydo-geseke.de\/wp-content\/uploads\/2021\/04\/Haus-Herz_transparent.gif","contentUrl":"http:\/\/aydo-geseke.de\/wp-content\/uploads\/2021\/04\/Haus-Herz_transparent.gif","width":842,"height":595,"caption":"Ay Do"},"image":{"@id":"http:\/\/aydo-geseke.de\/tr\/#\/schema\/logo\/image\/"}}]}},"_links":{"self":[{"href":"http:\/\/aydo-geseke.de\/tr\/wp-json\/wp\/v2\/pages\/6","targetHints":{"allow":["GET"]}}],"collection":[{"href":"http:\/\/aydo-geseke.de\/tr\/wp-json\/wp\/v2\/pages"}],"about":[{"href":"http:\/\/aydo-geseke.de\/tr\/wp-json\/wp\/v2\/types\/page"}],"author":[{"embeddable":true,"href":"http:\/\/aydo-geseke.de\/tr\/wp-json\/wp\/v2\/users\/1"}],"replies":[{"embeddable":true,"href":"http:\/\/aydo-geseke.de\/tr\/wp-json\/wp\/v2\/comments?post=6"}],"version-history":[{"count":5,"href":"http:\/\/aydo-geseke.de\/tr\/wp-json\/wp\/v2\/pages\/6\/revisions"}],"predecessor-version":[{"id":86,"href":"http:\/\/aydo-geseke.de\/tr\/wp-json\/wp\/v2\/pages\/6\/revisions\/86"}],"wp:attachment":[{"href":"http:\/\/aydo-geseke.de\/tr\/wp-json\/wp\/v2\/media?parent=6"}],"curies":[{"name":"wp","href":"https:\/\/api.w.org\/{rel}","templated":true}]}}