{"id":90,"date":"2021-07-09T18:45:59","date_gmt":"2021-07-09T18:45:59","guid":{"rendered":"http:\/\/aydo-geseke.de\/?page_id=90"},"modified":"2024-10-27T10:49:41","modified_gmt":"2024-10-27T10:49:41","slug":"sonstige-leistungen","status":"publish","type":"page","link":"http:\/\/aydo-geseke.de\/tr\/sonstige-leistungen\/","title":{"rendered":"sonstige Leistungen"},"content":{"rendered":"\n<h2 class=\"wp-block-heading\">Wellnessmassagen<\/h2>\n\n\n\n<figure class=\"wp-block-image size-large is-resized\"><img fetchpriority=\"high\" decoding=\"async\" width=\"526\" height=\"1024\" src=\"http:\/\/aydo-geseke.de\/wp-content\/uploads\/2023\/12\/2023-FlyerMassage_V12-526x1024.jpg\" alt=\"\" class=\"wp-image-318\" style=\"width:603px;height:auto\" srcset=\"http:\/\/aydo-geseke.de\/wp-content\/uploads\/2023\/12\/2023-FlyerMassage_V12-526x1024.jpg 526w, http:\/\/aydo-geseke.de\/wp-content\/uploads\/2023\/12\/2023-FlyerMassage_V12-154x300.jpg 154w, http:\/\/aydo-geseke.de\/wp-content\/uploads\/2023\/12\/2023-FlyerMassage_V12-768x1494.jpg 768w, http:\/\/aydo-geseke.de\/wp-content\/uploads\/2023\/12\/2023-FlyerMassage_V12-789x1536.jpg 789w, http:\/\/aydo-geseke.de\/wp-content\/uploads\/2023\/12\/2023-FlyerMassage_V12-1053x2048.jpg 1053w, http:\/\/aydo-geseke.de\/wp-content\/uploads\/2023\/12\/2023-FlyerMassage_V12.jpg 1311w\" sizes=\"(max-width: 526px) 100vw, 526px\" \/><\/figure>\n\n\n\n<h2 class=\"wp-block-heading\">Yoga<\/h2>\n\n\n\n<p>Hier findet ihr unsere YOGA-Kurse. Bei Interesse bitte um R\u00fcckmeldung, Teilnehmerzahlen sind begrenzt. Sichert Euch Eure Pl\u00e4tze.<\/p>\n\n\n\n<p><\/p>\n\n\n\n<p><\/p>\n\n\n\n<h2 class=\"wp-block-heading\">Donnerstags YOGA mit Doreen Pickart<\/h2>\n\n\n\n<p>n\u00e4here Angaben unter Tel. &nbsp;0170-5824260<\/p>\n\n\n\n<p>oder<strong> <a href=\"http:\/\/www.yoga-heimathafen.de\" target=\"_blank\" rel=\"noreferrer noopener\">www.yoga-heimathafen.de<\/a><\/strong><\/p>\n\n\n\n<h2 class=\"wp-block-heading\">YOGA mit Karin<\/h2>\n\n\n\n<p>n\u00e4here Angaben unter <a href=\"http:\/\/www.yogaflowmitkarin.com\" target=\"_blank\" rel=\"noreferrer noopener\">www.yogaflowmitkarin.com<\/a><\/p>\n\n\n\n<h2 class=\"wp-block-heading\">YOGA mit Bianca<\/h2>\n\n\n\n<p>n\u00e4here Angaben finden Sie auf <a href=\"https:\/\/biancaschus.wixsite.com\/my-site\" target=\"_blank\" rel=\"noreferrer noopener\">Biancas Seite<\/a><\/p>\n\n\n\n<h2 class=\"wp-block-heading\"><\/h2>\n\n\n\n<p><\/p>\n","protected":false},"excerpt":{"rendered":"<p>Wellnessmassagen Yoga Hier findet ihr unsere YOGA-Kurse. Bei Interesse bitte um R\u00fcckmeldung, Teilnehmerzahlen sind begrenzt. Sichert Euch Eure Pl\u00e4tze. Donnerstags YOGA mit Doreen Pickart n\u00e4here Angaben unter Tel. &nbsp;0170-5824260 oder www.yoga-heimathafen.de YOGA mit Karin n\u00e4here Angaben unter www.yogaflowmitkarin.com YOGA mit Bianca n\u00e4here Angaben finden Sie auf Biancas Seite<\/p>\n","protected":false},"author":1,"featured_media":0,"parent":0,"menu_order":0,"comment_status":"closed","ping_status":"closed","template":"","meta":{"footnotes":""},"class_list":["post-90","page","type-page","status-publish","hentry"],"translation":{"provider":"WPGlobus","version":"3.0.2","language":"tr","enabled_languages":["de","tr"],"languages":{"de":{"title":true,"content":true,"excerpt":false},"tr":{"title":false,"content":false,"excerpt":false}}},"yoast_head":"<!-- This site is optimized with the Yoast SEO plugin v26.8 - https:\/\/yoast.com\/product\/yoast-seo-wordpress\/ -->\n<title>sonstige Leistungen - AyDo Geseke<\/title>\n<meta name=\"robots\" content=\"index, follow, max-snippet:-1, max-image-preview:large, max-video-preview:-1\" \/>\n<link rel=\"canonical\" href=\"http:\/\/aydo-geseke.de\/tr\/sonstige-leistungen\/\" \/>\n<meta property=\"og:locale\" content=\"tr_TR\" \/>\n<meta property=\"og:type\" content=\"article\" \/>\n<meta property=\"og:title\" content=\"sonstige Leistungen - AyDo Geseke\" \/>\n<meta property=\"og:url\" content=\"http:\/\/aydo-geseke.de\/tr\/sonstige-leistungen\/\" \/>\n<meta property=\"og:site_name\" content=\"AyDo Geseke\" \/>\n<meta property=\"article:modified_time\" content=\"2024-10-27T10:49:41+00:00\" \/>\n<meta property=\"og:image\" content=\"http:\/\/aydo-geseke.de\/wp-content\/uploads\/2023\/12\/2023-FlyerMassage_V12-526x1024.jpg\" \/>\n<meta name=\"twitter:card\" content=\"summary_large_image\" \/>\n<meta name=\"twitter:label1\" content=\"Tahmini okuma s\u00fcresi\" \/>\n\t<meta name=\"twitter:data1\" content=\"1 dakika\" \/>\n<script type=\"application\/ld+json\" class=\"yoast-schema-graph\">{\"@context\":\"https:\/\/schema.org\",\"@graph\":[{\"@type\":\"WebPage\",\"@id\":\"http:\/\/aydo-geseke.de\/tr\/sonstige-leistungen\/\",\"url\":\"http:\/\/aydo-geseke.de\/tr\/sonstige-leistungen\/\",\"name\":\"sonstige Leistungen - AyDo Geseke\",\"isPartOf\":{\"@id\":\"http:\/\/aydo-geseke.de\/tr\/#website\"},\"primaryImageOfPage\":{\"@id\":\"http:\/\/aydo-geseke.de\/tr\/sonstige-leistungen\/#primaryimage\"},\"image\":{\"@id\":\"http:\/\/aydo-geseke.de\/tr\/sonstige-leistungen\/#primaryimage\"},\"thumbnailUrl\":\"http:\/\/aydo-geseke.de\/wp-content\/uploads\/2023\/12\/2023-FlyerMassage_V12-526x1024.jpg\",\"datePublished\":\"2021-07-09T18:45:59+00:00\",\"dateModified\":\"2024-10-27T10:49:41+00:00\",\"breadcrumb\":{\"@id\":\"http:\/\/aydo-geseke.de\/tr\/sonstige-leistungen\/#breadcrumb\"},\"inLanguage\":\"tr\",\"potentialAction\":[{\"@type\":\"ReadAction\",\"target\":[\"http:\/\/aydo-geseke.de\/tr\/sonstige-leistungen\/\"]}]},{\"@type\":\"ImageObject\",\"inLanguage\":\"tr\",\"@id\":\"http:\/\/aydo-geseke.de\/tr\/sonstige-leistungen\/#primaryimage\",\"url\":\"http:\/\/aydo-geseke.de\/wp-content\/uploads\/2023\/12\/2023-FlyerMassage_V12-526x1024.jpg\",\"contentUrl\":\"http:\/\/aydo-geseke.de\/wp-content\/uploads\/2023\/12\/2023-FlyerMassage_V12-526x1024.jpg\"},{\"@type\":\"BreadcrumbList\",\"@id\":\"http:\/\/aydo-geseke.de\/tr\/sonstige-leistungen\/#breadcrumb\",\"itemListElement\":[{\"@type\":\"ListItem\",\"position\":1,\"name\":\"Startseite\",\"item\":\"https:\/\/aydo-geseke.de\/\"},{\"@type\":\"ListItem\",\"position\":2,\"name\":\"sonstige Leistungen\"}]},{\"@type\":\"WebSite\",\"@id\":\"http:\/\/aydo-geseke.de\/tr\/#website\",\"url\":\"http:\/\/aydo-geseke.de\/tr\/\",\"name\":\"AyDo Geseke\",\"description\":\"\",\"publisher\":{\"@id\":\"http:\/\/aydo-geseke.de\/tr\/#organization\"},\"potentialAction\":[{\"@type\":\"SearchAction\",\"target\":{\"@type\":\"EntryPoint\",\"urlTemplate\":\"http:\/\/aydo-geseke.de\/tr\/?s={search_term_string}\"},\"query-input\":{\"@type\":\"PropertyValueSpecification\",\"valueRequired\":true,\"valueName\":\"search_term_string\"}}],\"inLanguage\":\"tr\"},{\"@type\":\"Organization\",\"@id\":\"http:\/\/aydo-geseke.de\/tr\/#organization\",\"name\":\"Ay Do\",\"url\":\"http:\/\/aydo-geseke.de\/tr\/\",\"logo\":{\"@type\":\"ImageObject\",\"inLanguage\":\"tr\",\"@id\":\"http:\/\/aydo-geseke.de\/tr\/#\/schema\/logo\/image\/\",\"url\":\"http:\/\/aydo-geseke.de\/wp-content\/uploads\/2021\/04\/Haus-Herz_transparent.gif\",\"contentUrl\":\"http:\/\/aydo-geseke.de\/wp-content\/uploads\/2021\/04\/Haus-Herz_transparent.gif\",\"width\":842,\"height\":595,\"caption\":\"Ay Do\"},\"image\":{\"@id\":\"http:\/\/aydo-geseke.de\/tr\/#\/schema\/logo\/image\/\"}}]}<\/script>\n<!-- \/ Yoast SEO plugin. -->","yoast_head_json":{"title":"sonstige Leistungen - AyDo Geseke","robots":{"index":"index","follow":"follow","max-snippet":"max-snippet:-1","max-image-preview":"max-image-preview:large","max-video-preview":"max-video-preview:-1"},"canonical":"http:\/\/aydo-geseke.de\/tr\/sonstige-leistungen\/","og_locale":"tr_TR","og_type":"article","og_title":"sonstige Leistungen - AyDo Geseke","og_url":"http:\/\/aydo-geseke.de\/tr\/sonstige-leistungen\/","og_site_name":"AyDo Geseke","article_modified_time":"2024-10-27T10:49:41+00:00","og_image":[{"url":"http:\/\/aydo-geseke.de\/wp-content\/uploads\/2023\/12\/2023-FlyerMassage_V12-526x1024.jpg","type":"","width":"","height":""}],"twitter_card":"summary_large_image","twitter_misc":{"Tahmini okuma s\u00fcresi":"1 dakika"},"schema":{"@context":"https:\/\/schema.org","@graph":[{"@type":"WebPage","@id":"http:\/\/aydo-geseke.de\/tr\/sonstige-leistungen\/","url":"http:\/\/aydo-geseke.de\/tr\/sonstige-leistungen\/","name":"sonstige Leistungen - AyDo Geseke","isPartOf":{"@id":"http:\/\/aydo-geseke.de\/tr\/#website"},"primaryImageOfPage":{"@id":"http:\/\/aydo-geseke.de\/tr\/sonstige-leistungen\/#primaryimage"},"image":{"@id":"http:\/\/aydo-geseke.de\/tr\/sonstige-leistungen\/#primaryimage"},"thumbnailUrl":"http:\/\/aydo-geseke.de\/wp-content\/uploads\/2023\/12\/2023-FlyerMassage_V12-526x1024.jpg","datePublished":"2021-07-09T18:45:59+00:00","dateModified":"2024-10-27T10:49:41+00:00","breadcrumb":{"@id":"http:\/\/aydo-geseke.de\/tr\/sonstige-leistungen\/#breadcrumb"},"inLanguage":"tr","potentialAction":[{"@type":"ReadAction","target":["http:\/\/aydo-geseke.de\/tr\/sonstige-leistungen\/"]}]},{"@type":"ImageObject","inLanguage":"tr","@id":"http:\/\/aydo-geseke.de\/tr\/sonstige-leistungen\/#primaryimage","url":"http:\/\/aydo-geseke.de\/wp-content\/uploads\/2023\/12\/2023-FlyerMassage_V12-526x1024.jpg","contentUrl":"http:\/\/aydo-geseke.de\/wp-content\/uploads\/2023\/12\/2023-FlyerMassage_V12-526x1024.jpg"},{"@type":"BreadcrumbList","@id":"http:\/\/aydo-geseke.de\/tr\/sonstige-leistungen\/#breadcrumb","itemListElement":[{"@type":"ListItem","position":1,"name":"Startseite","item":"https:\/\/aydo-geseke.de\/"},{"@type":"ListItem","position":2,"name":"sonstige Leistungen"}]},{"@type":"WebSite","@id":"http:\/\/aydo-geseke.de\/tr\/#website","url":"http:\/\/aydo-geseke.de\/tr\/","name":"AyDo Geseke","description":"","publisher":{"@id":"http:\/\/aydo-geseke.de\/tr\/#organization"},"potentialAction":[{"@type":"SearchAction","target":{"@type":"EntryPoint","urlTemplate":"http:\/\/aydo-geseke.de\/tr\/?s={search_term_string}"},"query-input":{"@type":"PropertyValueSpecification","valueRequired":true,"valueName":"search_term_string"}}],"inLanguage":"tr"},{"@type":"Organization","@id":"http:\/\/aydo-geseke.de\/tr\/#organization","name":"Ay Do","url":"http:\/\/aydo-geseke.de\/tr\/","logo":{"@type":"ImageObject","inLanguage":"tr","@id":"http:\/\/aydo-geseke.de\/tr\/#\/schema\/logo\/image\/","url":"http:\/\/aydo-geseke.de\/wp-content\/uploads\/2021\/04\/Haus-Herz_transparent.gif","contentUrl":"http:\/\/aydo-geseke.de\/wp-content\/uploads\/2021\/04\/Haus-Herz_transparent.gif","width":842,"height":595,"caption":"Ay Do"},"image":{"@id":"http:\/\/aydo-geseke.de\/tr\/#\/schema\/logo\/image\/"}}]}},"_links":{"self":[{"href":"http:\/\/aydo-geseke.de\/tr\/wp-json\/wp\/v2\/pages\/90","targetHints":{"allow":["GET"]}}],"collection":[{"href":"http:\/\/aydo-geseke.de\/tr\/wp-json\/wp\/v2\/pages"}],"about":[{"href":"http:\/\/aydo-geseke.de\/tr\/wp-json\/wp\/v2\/types\/page"}],"author":[{"embeddable":true,"href":"http:\/\/aydo-geseke.de\/tr\/wp-json\/wp\/v2\/users\/1"}],"replies":[{"embeddable":true,"href":"http:\/\/aydo-geseke.de\/tr\/wp-json\/wp\/v2\/comments?post=90"}],"version-history":[{"count":23,"href":"http:\/\/aydo-geseke.de\/tr\/wp-json\/wp\/v2\/pages\/90\/revisions"}],"predecessor-version":[{"id":366,"href":"http:\/\/aydo-geseke.de\/tr\/wp-json\/wp\/v2\/pages\/90\/revisions\/366"}],"wp:attachment":[{"href":"http:\/\/aydo-geseke.de\/tr\/wp-json\/wp\/v2\/media?parent=90"}],"curies":[{"name":"wp","href":"https:\/\/api.w.org\/{rel}","templated":true}]}}