{"id":251,"date":"2023-08-22T15:16:26","date_gmt":"2023-08-22T15:16:26","guid":{"rendered":"https:\/\/aydo-geseke.de\/?page_id=251"},"modified":"2025-02-26T10:37:34","modified_gmt":"2025-02-26T10:37:34","slug":"kooperation","status":"publish","type":"page","link":"https:\/\/aydo-geseke.de\/tr\/kooperation\/","title":{"rendered":"Kooperation"},"content":{"rendered":"\n<p class=\"has-text-align-center\">Wir nutzen f\u00fcr unsere Organisation die Praxissoftware<\/p>\n\n\n<div class=\"wp-block-image\">\n<figure class=\"aligncenter size-large is-resized\"><img fetchpriority=\"high\" decoding=\"async\" width=\"1024\" height=\"501\" src=\"https:\/\/aydo-geseke.de\/wp-content\/uploads\/2023\/08\/f96b1a00-86b4-4d2e-b450-210850a4c8c4-1024x501.jpg\" alt=\"\" class=\"wp-image-253\" style=\"width:296px;height:145px\" srcset=\"https:\/\/aydo-geseke.de\/wp-content\/uploads\/2023\/08\/f96b1a00-86b4-4d2e-b450-210850a4c8c4-1024x501.jpg 1024w, https:\/\/aydo-geseke.de\/wp-content\/uploads\/2023\/08\/f96b1a00-86b4-4d2e-b450-210850a4c8c4-300x147.jpg 300w, https:\/\/aydo-geseke.de\/wp-content\/uploads\/2023\/08\/f96b1a00-86b4-4d2e-b450-210850a4c8c4-768x375.jpg 768w, https:\/\/aydo-geseke.de\/wp-content\/uploads\/2023\/08\/f96b1a00-86b4-4d2e-b450-210850a4c8c4.jpg 1170w\" sizes=\"(max-width: 1024px) 100vw, 1024px\" \/><\/figure><\/div>\n\n\n<p class=\"has-text-align-center\">Hierzu hatten alle unsere Mitarbeiterinnen eine Schulung der Firma @l-Data:<\/p>\n\n\n\n<figure class=\"wp-block-gallery has-nested-images columns-default is-cropped wp-block-gallery-1 is-layout-flex wp-block-gallery-is-layout-flex\">\n<figure class=\"wp-block-image size-large\"><img decoding=\"async\" width=\"784\" height=\"1024\" data-id=\"261\" src=\"http:\/\/aydo-geseke.de\/wp-content\/uploads\/2023\/08\/21816adb-62be-4fa4-b6e8-43c96aee1fbb-784x1024.jpg\" alt=\"\" class=\"wp-image-261\" srcset=\"https:\/\/aydo-geseke.de\/wp-content\/uploads\/2023\/08\/21816adb-62be-4fa4-b6e8-43c96aee1fbb-784x1024.jpg 784w, https:\/\/aydo-geseke.de\/wp-content\/uploads\/2023\/08\/21816adb-62be-4fa4-b6e8-43c96aee1fbb-230x300.jpg 230w, https:\/\/aydo-geseke.de\/wp-content\/uploads\/2023\/08\/21816adb-62be-4fa4-b6e8-43c96aee1fbb-768x1003.jpg 768w, https:\/\/aydo-geseke.de\/wp-content\/uploads\/2023\/08\/21816adb-62be-4fa4-b6e8-43c96aee1fbb.jpg 1170w\" sizes=\"(max-width: 784px) 100vw, 784px\" \/><\/figure>\n<\/figure>\n\n\n\n<p><\/p>\n\n\n\n<div class=\"wp-block-columns is-layout-flex wp-container-core-columns-is-layout-1 wp-block-columns-is-layout-flex\">\n<div class=\"wp-block-column is-layout-flow wp-block-column-is-layout-flow\"><\/div>\n\n\n\n<div class=\"wp-block-column is-layout-flow wp-block-column-is-layout-flow\"><\/div>\n<\/div>\n\n\n\n<p><\/p>\n\n\n\n<p><\/p>\n\n\n\n<h2 class=\"wp-block-heading has-text-align-center\">Zus\u00e4tzliche Kooperation mit dem Sanit\u00e4tshaus Rakers:<\/h2>\n\n\n\n<figure class=\"wp-block-gallery has-nested-images columns-default is-cropped wp-block-gallery-2 is-layout-flex wp-block-gallery-is-layout-flex\">\n<figure class=\"wp-block-image size-large\"><img decoding=\"async\" width=\"1024\" height=\"764\" data-id=\"296\" src=\"https:\/\/aydo-geseke.de\/wp-content\/uploads\/2023\/08\/7c062601-73a9-4ac8-a078-17ba7db6901a-1024x764.jpg\" alt=\"\" class=\"wp-image-296\" srcset=\"https:\/\/aydo-geseke.de\/wp-content\/uploads\/2023\/08\/7c062601-73a9-4ac8-a078-17ba7db6901a-1024x764.jpg 1024w, https:\/\/aydo-geseke.de\/wp-content\/uploads\/2023\/08\/7c062601-73a9-4ac8-a078-17ba7db6901a-300x224.jpg 300w, https:\/\/aydo-geseke.de\/wp-content\/uploads\/2023\/08\/7c062601-73a9-4ac8-a078-17ba7db6901a-768x573.jpg 768w, https:\/\/aydo-geseke.de\/wp-content\/uploads\/2023\/08\/7c062601-73a9-4ac8-a078-17ba7db6901a-1536x1146.jpg 1536w, https:\/\/aydo-geseke.de\/wp-content\/uploads\/2023\/08\/7c062601-73a9-4ac8-a078-17ba7db6901a.jpg 1600w\" sizes=\"(max-width: 1024px) 100vw, 1024px\" \/><\/figure>\n\n\n\n<figure class=\"wp-block-image size-large\"><img loading=\"lazy\" decoding=\"async\" width=\"1024\" height=\"768\" data-id=\"295\" src=\"https:\/\/aydo-geseke.de\/wp-content\/uploads\/2023\/08\/858b8e1d-b1a4-452e-b5d2-8b0236e83245-1024x768.jpg\" alt=\"\" class=\"wp-image-295\" srcset=\"https:\/\/aydo-geseke.de\/wp-content\/uploads\/2023\/08\/858b8e1d-b1a4-452e-b5d2-8b0236e83245-1024x768.jpg 1024w, https:\/\/aydo-geseke.de\/wp-content\/uploads\/2023\/08\/858b8e1d-b1a4-452e-b5d2-8b0236e83245-300x225.jpg 300w, https:\/\/aydo-geseke.de\/wp-content\/uploads\/2023\/08\/858b8e1d-b1a4-452e-b5d2-8b0236e83245-768x576.jpg 768w, https:\/\/aydo-geseke.de\/wp-content\/uploads\/2023\/08\/858b8e1d-b1a4-452e-b5d2-8b0236e83245-1536x1152.jpg 1536w, https:\/\/aydo-geseke.de\/wp-content\/uploads\/2023\/08\/858b8e1d-b1a4-452e-b5d2-8b0236e83245.jpg 1600w\" sizes=\"(max-width: 1024px) 100vw, 1024px\" \/><\/figure>\n<\/figure>\n","protected":false},"excerpt":{"rendered":"<p>Wir nutzen f\u00fcr unsere Organisation die Praxissoftware Hierzu hatten alle unsere Mitarbeiterinnen eine Schulung der Firma @l-Data: Zus\u00e4tzliche Kooperation mit dem Sanit\u00e4tshaus Rakers:<\/p>\n","protected":false},"author":1,"featured_media":0,"parent":0,"menu_order":0,"comment_status":"closed","ping_status":"closed","template":"","meta":{"footnotes":""},"class_list":["post-251","page","type-page","status-publish","hentry"],"translation":{"provider":"WPGlobus","version":"3.0.2","language":"tr","enabled_languages":["de","tr"],"languages":{"de":{"title":true,"content":true,"excerpt":false},"tr":{"title":false,"content":false,"excerpt":false}}},"yoast_head":"<!-- This site is optimized with the Yoast SEO plugin v26.8 - https:\/\/yoast.com\/product\/yoast-seo-wordpress\/ -->\n<title>Kooperation - AyDo Geseke<\/title>\n<meta name=\"robots\" content=\"index, follow, max-snippet:-1, max-image-preview:large, max-video-preview:-1\" \/>\n<link rel=\"canonical\" href=\"https:\/\/aydo-geseke.de\/tr\/kooperation\/\" \/>\n<meta property=\"og:locale\" content=\"tr_TR\" \/>\n<meta property=\"og:type\" content=\"article\" \/>\n<meta property=\"og:title\" content=\"Kooperation - AyDo Geseke\" \/>\n<meta property=\"og:url\" content=\"https:\/\/aydo-geseke.de\/tr\/kooperation\/\" \/>\n<meta property=\"og:site_name\" content=\"AyDo Geseke\" \/>\n<meta property=\"article:modified_time\" content=\"2025-02-26T10:37:34+00:00\" \/>\n<meta property=\"og:image\" content=\"https:\/\/aydo-geseke.de\/wp-content\/uploads\/2023\/08\/f96b1a00-86b4-4d2e-b450-210850a4c8c4-1024x501.jpg\" \/>\n<meta name=\"twitter:card\" content=\"summary_large_image\" \/>\n<meta name=\"twitter:label1\" content=\"Tahmini okuma s\u00fcresi\" \/>\n\t<meta name=\"twitter:data1\" content=\"1 dakika\" \/>\n<script type=\"application\/ld+json\" class=\"yoast-schema-graph\">{\"@context\":\"https:\/\/schema.org\",\"@graph\":[{\"@type\":\"WebPage\",\"@id\":\"https:\/\/aydo-geseke.de\/tr\/kooperation\/\",\"url\":\"https:\/\/aydo-geseke.de\/tr\/kooperation\/\",\"name\":\"Kooperation - AyDo Geseke\",\"isPartOf\":{\"@id\":\"https:\/\/aydo-geseke.de\/tr\/#website\"},\"primaryImageOfPage\":{\"@id\":\"https:\/\/aydo-geseke.de\/tr\/kooperation\/#primaryimage\"},\"image\":{\"@id\":\"https:\/\/aydo-geseke.de\/tr\/kooperation\/#primaryimage\"},\"thumbnailUrl\":\"https:\/\/aydo-geseke.de\/wp-content\/uploads\/2023\/08\/f96b1a00-86b4-4d2e-b450-210850a4c8c4-1024x501.jpg\",\"datePublished\":\"2023-08-22T15:16:26+00:00\",\"dateModified\":\"2025-02-26T10:37:34+00:00\",\"breadcrumb\":{\"@id\":\"https:\/\/aydo-geseke.de\/tr\/kooperation\/#breadcrumb\"},\"inLanguage\":\"tr\",\"potentialAction\":[{\"@type\":\"ReadAction\",\"target\":[\"https:\/\/aydo-geseke.de\/tr\/kooperation\/\"]}]},{\"@type\":\"ImageObject\",\"inLanguage\":\"tr\",\"@id\":\"https:\/\/aydo-geseke.de\/tr\/kooperation\/#primaryimage\",\"url\":\"https:\/\/aydo-geseke.de\/wp-content\/uploads\/2023\/08\/f96b1a00-86b4-4d2e-b450-210850a4c8c4-1024x501.jpg\",\"contentUrl\":\"https:\/\/aydo-geseke.de\/wp-content\/uploads\/2023\/08\/f96b1a00-86b4-4d2e-b450-210850a4c8c4-1024x501.jpg\"},{\"@type\":\"BreadcrumbList\",\"@id\":\"https:\/\/aydo-geseke.de\/tr\/kooperation\/#breadcrumb\",\"itemListElement\":[{\"@type\":\"ListItem\",\"position\":1,\"name\":\"Startseite\",\"item\":\"https:\/\/aydo-geseke.de\/\"},{\"@type\":\"ListItem\",\"position\":2,\"name\":\"Kooperation\"}]},{\"@type\":\"WebSite\",\"@id\":\"https:\/\/aydo-geseke.de\/tr\/#website\",\"url\":\"https:\/\/aydo-geseke.de\/tr\/\",\"name\":\"AyDo Geseke\",\"description\":\"\",\"publisher\":{\"@id\":\"https:\/\/aydo-geseke.de\/tr\/#organization\"},\"potentialAction\":[{\"@type\":\"SearchAction\",\"target\":{\"@type\":\"EntryPoint\",\"urlTemplate\":\"https:\/\/aydo-geseke.de\/tr\/?s={search_term_string}\"},\"query-input\":{\"@type\":\"PropertyValueSpecification\",\"valueRequired\":true,\"valueName\":\"search_term_string\"}}],\"inLanguage\":\"tr\"},{\"@type\":\"Organization\",\"@id\":\"https:\/\/aydo-geseke.de\/tr\/#organization\",\"name\":\"Ay Do\",\"url\":\"https:\/\/aydo-geseke.de\/tr\/\",\"logo\":{\"@type\":\"ImageObject\",\"inLanguage\":\"tr\",\"@id\":\"https:\/\/aydo-geseke.de\/tr\/#\/schema\/logo\/image\/\",\"url\":\"http:\/\/aydo-geseke.de\/wp-content\/uploads\/2021\/04\/Haus-Herz_transparent.gif\",\"contentUrl\":\"http:\/\/aydo-geseke.de\/wp-content\/uploads\/2021\/04\/Haus-Herz_transparent.gif\",\"width\":842,\"height\":595,\"caption\":\"Ay Do\"},\"image\":{\"@id\":\"https:\/\/aydo-geseke.de\/tr\/#\/schema\/logo\/image\/\"}}]}<\/script>\n<!-- \/ Yoast SEO plugin. -->","yoast_head_json":{"title":"Kooperation - AyDo Geseke","robots":{"index":"index","follow":"follow","max-snippet":"max-snippet:-1","max-image-preview":"max-image-preview:large","max-video-preview":"max-video-preview:-1"},"canonical":"https:\/\/aydo-geseke.de\/tr\/kooperation\/","og_locale":"tr_TR","og_type":"article","og_title":"Kooperation - AyDo Geseke","og_url":"https:\/\/aydo-geseke.de\/tr\/kooperation\/","og_site_name":"AyDo Geseke","article_modified_time":"2025-02-26T10:37:34+00:00","og_image":[{"url":"https:\/\/aydo-geseke.de\/wp-content\/uploads\/2023\/08\/f96b1a00-86b4-4d2e-b450-210850a4c8c4-1024x501.jpg","type":"","width":"","height":""}],"twitter_card":"summary_large_image","twitter_misc":{"Tahmini okuma s\u00fcresi":"1 dakika"},"schema":{"@context":"https:\/\/schema.org","@graph":[{"@type":"WebPage","@id":"https:\/\/aydo-geseke.de\/tr\/kooperation\/","url":"https:\/\/aydo-geseke.de\/tr\/kooperation\/","name":"Kooperation - AyDo Geseke","isPartOf":{"@id":"https:\/\/aydo-geseke.de\/tr\/#website"},"primaryImageOfPage":{"@id":"https:\/\/aydo-geseke.de\/tr\/kooperation\/#primaryimage"},"image":{"@id":"https:\/\/aydo-geseke.de\/tr\/kooperation\/#primaryimage"},"thumbnailUrl":"https:\/\/aydo-geseke.de\/wp-content\/uploads\/2023\/08\/f96b1a00-86b4-4d2e-b450-210850a4c8c4-1024x501.jpg","datePublished":"2023-08-22T15:16:26+00:00","dateModified":"2025-02-26T10:37:34+00:00","breadcrumb":{"@id":"https:\/\/aydo-geseke.de\/tr\/kooperation\/#breadcrumb"},"inLanguage":"tr","potentialAction":[{"@type":"ReadAction","target":["https:\/\/aydo-geseke.de\/tr\/kooperation\/"]}]},{"@type":"ImageObject","inLanguage":"tr","@id":"https:\/\/aydo-geseke.de\/tr\/kooperation\/#primaryimage","url":"https:\/\/aydo-geseke.de\/wp-content\/uploads\/2023\/08\/f96b1a00-86b4-4d2e-b450-210850a4c8c4-1024x501.jpg","contentUrl":"https:\/\/aydo-geseke.de\/wp-content\/uploads\/2023\/08\/f96b1a00-86b4-4d2e-b450-210850a4c8c4-1024x501.jpg"},{"@type":"BreadcrumbList","@id":"https:\/\/aydo-geseke.de\/tr\/kooperation\/#breadcrumb","itemListElement":[{"@type":"ListItem","position":1,"name":"Startseite","item":"https:\/\/aydo-geseke.de\/"},{"@type":"ListItem","position":2,"name":"Kooperation"}]},{"@type":"WebSite","@id":"https:\/\/aydo-geseke.de\/tr\/#website","url":"https:\/\/aydo-geseke.de\/tr\/","name":"AyDo Geseke","description":"","publisher":{"@id":"https:\/\/aydo-geseke.de\/tr\/#organization"},"potentialAction":[{"@type":"SearchAction","target":{"@type":"EntryPoint","urlTemplate":"https:\/\/aydo-geseke.de\/tr\/?s={search_term_string}"},"query-input":{"@type":"PropertyValueSpecification","valueRequired":true,"valueName":"search_term_string"}}],"inLanguage":"tr"},{"@type":"Organization","@id":"https:\/\/aydo-geseke.de\/tr\/#organization","name":"Ay Do","url":"https:\/\/aydo-geseke.de\/tr\/","logo":{"@type":"ImageObject","inLanguage":"tr","@id":"https:\/\/aydo-geseke.de\/tr\/#\/schema\/logo\/image\/","url":"http:\/\/aydo-geseke.de\/wp-content\/uploads\/2021\/04\/Haus-Herz_transparent.gif","contentUrl":"http:\/\/aydo-geseke.de\/wp-content\/uploads\/2021\/04\/Haus-Herz_transparent.gif","width":842,"height":595,"caption":"Ay Do"},"image":{"@id":"https:\/\/aydo-geseke.de\/tr\/#\/schema\/logo\/image\/"}}]}},"_links":{"self":[{"href":"https:\/\/aydo-geseke.de\/tr\/wp-json\/wp\/v2\/pages\/251","targetHints":{"allow":["GET"]}}],"collection":[{"href":"https:\/\/aydo-geseke.de\/tr\/wp-json\/wp\/v2\/pages"}],"about":[{"href":"https:\/\/aydo-geseke.de\/tr\/wp-json\/wp\/v2\/types\/page"}],"author":[{"embeddable":true,"href":"https:\/\/aydo-geseke.de\/tr\/wp-json\/wp\/v2\/users\/1"}],"replies":[{"embeddable":true,"href":"https:\/\/aydo-geseke.de\/tr\/wp-json\/wp\/v2\/comments?post=251"}],"version-history":[{"count":11,"href":"https:\/\/aydo-geseke.de\/tr\/wp-json\/wp\/v2\/pages\/251\/revisions"}],"predecessor-version":[{"id":369,"href":"https:\/\/aydo-geseke.de\/tr\/wp-json\/wp\/v2\/pages\/251\/revisions\/369"}],"wp:attachment":[{"href":"https:\/\/aydo-geseke.de\/tr\/wp-json\/wp\/v2\/media?parent=251"}],"curies":[{"name":"wp","href":"https:\/\/api.w.org\/{rel}","templated":true}]}}